{"id":42,"date":"2015-11-27T00:02:43","date_gmt":"2015-11-26T23:02:43","guid":{"rendered":"http:\/\/holzfit.de\/?page_id=42"},"modified":"2024-02-20T13:59:10","modified_gmt":"2024-02-20T12:59:10","slug":"impressum","status":"publish","type":"page","link":"https:\/\/holzfit.com\/index.php\/impressum\/","title":{"rendered":"Impressum"},"content":{"rendered":"\n<p>\u201cf.i.t.\u201d<br>Patrick Kn\u00e4bel<br>Gr\u00fcngartenstrasse 3<br>77836 Rheinm\u00fcnster<br>Tel: 07227\/991333<br>Fax: 07227\/991334<br><a href=\"mailto:info@holzfit.com\" target=\"_blank\" rel=\"noopener\">info@holzfit.com<\/a><\/p>\n\n\n\n<p>Inhaber : Patrick Kn\u00e4bel<br>Zust\u00e4ndige Aufsichtsbeh\u00f6rde : Gewerbeamt Rheinm\u00fcnster<br>Umsatzsteuer ID gem. \u00a727a Umsatzsteuergesetz : DE 36160-38008<\/p>\n\n\n\n<p>Inhaltlich Verantwortlich gem. \u00a710 Absatz 3 MDSTV :<br>Andreas Vogel<br>Im Unterfeld 6<br>77836 Rheinm\u00fcnster Greffern<\/p>\n","protected":false},"excerpt":{"rendered":"<p>\u201cf.i.t.\u201dPatrick Kn\u00e4belGr\u00fcngartenstrasse 377836 Rheinm\u00fcnsterTel: 07227\/991333Fax: 07227\/991334info@holzfit.com Inhaber : Patrick Kn\u00e4belZust\u00e4ndige Aufsichtsbeh\u00f6rde : Gewerbeamt Rheinm\u00fcnsterUmsatzsteuer ID gem. \u00a727a Umsatzsteuergesetz : DE 36160-38008 Inhaltlich Verantwortlich gem. \u00a710 Absatz 3 MDSTV :Andreas VogelIm Unterfeld 677836 Rheinm\u00fcnster Greffern<\/p>\n","protected":false},"author":1,"featured_media":0,"parent":0,"menu_order":4,"comment_status":"closed","ping_status":"closed","template":"sidebar-page.php","meta":{"footnotes":""},"class_list":["post-42","page","type-page","status-publish","hentry"],"yoast_head":"<!-- This site is optimized with the Yoast SEO plugin v27.6 - https:\/\/yoast.com\/product\/yoast-seo-wordpress\/ -->\n<title>Impressum - Holzfit Kn\u00e4bel<\/title>\n<meta name=\"robots\" content=\"index, follow, max-snippet:-1, max-image-preview:large, max-video-preview:-1\" \/>\n<link rel=\"canonical\" href=\"https:\/\/holzfit.com\/index.php\/impressum\/\" \/>\n<meta property=\"og:locale\" content=\"de_DE\" \/>\n<meta property=\"og:type\" content=\"article\" \/>\n<meta property=\"og:title\" content=\"Impressum - Holzfit Kn\u00e4bel\" \/>\n<meta property=\"og:description\" content=\"\u201cf.i.t.\u201dPatrick Kn\u00e4belGr\u00fcngartenstrasse 377836 Rheinm\u00fcnsterTel: 07227\/991333Fax: 07227\/991334info@holzfit.com Inhaber : Patrick Kn\u00e4belZust\u00e4ndige Aufsichtsbeh\u00f6rde : Gewerbeamt Rheinm\u00fcnsterUmsatzsteuer ID gem. \u00a727a Umsatzsteuergesetz : DE 36160-38008 Inhaltlich Verantwortlich gem. \u00a710 Absatz 3 MDSTV :Andreas VogelIm Unterfeld 677836 Rheinm\u00fcnster Greffern\" \/>\n<meta property=\"og:url\" content=\"https:\/\/holzfit.com\/index.php\/impressum\/\" \/>\n<meta property=\"og:site_name\" content=\"Holzfit Kn\u00e4bel\" \/>\n<meta property=\"article:publisher\" content=\"https:\/\/www.facebook.com\/Holzfit\" \/>\n<meta property=\"article:modified_time\" content=\"2024-02-20T12:59:10+00:00\" \/>\n<meta name=\"twitter:card\" content=\"summary_large_image\" \/>\n<meta name=\"twitter:label1\" content=\"Gesch\u00e4tzte Lesezeit\" \/>\n\t<meta name=\"twitter:data1\" content=\"1\u00a0Minute\" \/>\n<script type=\"application\/ld+json\" class=\"yoast-schema-graph\">{\"@context\":\"https:\\\/\\\/schema.org\",\"@graph\":[{\"@type\":\"WebPage\",\"@id\":\"https:\\\/\\\/holzfit.com\\\/index.php\\\/impressum\\\/\",\"url\":\"https:\\\/\\\/holzfit.com\\\/index.php\\\/impressum\\\/\",\"name\":\"Impressum - Holzfit Kn\u00e4bel\",\"isPartOf\":{\"@id\":\"https:\\\/\\\/holzfit.com\\\/#website\"},\"datePublished\":\"2015-11-26T23:02:43+00:00\",\"dateModified\":\"2024-02-20T12:59:10+00:00\",\"breadcrumb\":{\"@id\":\"https:\\\/\\\/holzfit.com\\\/index.php\\\/impressum\\\/#breadcrumb\"},\"inLanguage\":\"de\",\"potentialAction\":[{\"@type\":\"ReadAction\",\"target\":[\"https:\\\/\\\/holzfit.com\\\/index.php\\\/impressum\\\/\"]}]},{\"@type\":\"BreadcrumbList\",\"@id\":\"https:\\\/\\\/holzfit.com\\\/index.php\\\/impressum\\\/#breadcrumb\",\"itemListElement\":[{\"@type\":\"ListItem\",\"position\":1,\"name\":\"Startseite\",\"item\":\"https:\\\/\\\/holzfit.com\\\/\"},{\"@type\":\"ListItem\",\"position\":2,\"name\":\"Impressum\"}]},{\"@type\":\"WebSite\",\"@id\":\"https:\\\/\\\/holzfit.com\\\/#website\",\"url\":\"https:\\\/\\\/holzfit.com\\\/\",\"name\":\"Holzfit Kn\u00e4bel\",\"description\":\"f\u00fcr sch\u00f6nes, gesundes &amp; sicheres Wohnen\",\"publisher\":{\"@id\":\"https:\\\/\\\/holzfit.com\\\/#organization\"},\"potentialAction\":[{\"@type\":\"SearchAction\",\"target\":{\"@type\":\"EntryPoint\",\"urlTemplate\":\"https:\\\/\\\/holzfit.com\\\/?s={search_term_string}\"},\"query-input\":{\"@type\":\"PropertyValueSpecification\",\"valueRequired\":true,\"valueName\":\"search_term_string\"}}],\"inLanguage\":\"de\"},{\"@type\":\"Organization\",\"@id\":\"https:\\\/\\\/holzfit.com\\\/#organization\",\"name\":\"Holzfit Kn\u00e4bel\",\"url\":\"https:\\\/\\\/holzfit.com\\\/\",\"logo\":{\"@type\":\"ImageObject\",\"inLanguage\":\"de\",\"@id\":\"https:\\\/\\\/holzfit.com\\\/#\\\/schema\\\/logo\\\/image\\\/\",\"url\":\"http:\\\/\\\/holzfit.com\\\/wp-content\\\/uploads\\\/2015\\\/11\\\/logo_knaebel_1000x222_rund.jpg\",\"contentUrl\":\"http:\\\/\\\/holzfit.com\\\/wp-content\\\/uploads\\\/2015\\\/11\\\/logo_knaebel_1000x222_rund.jpg\",\"width\":1000,\"height\":222,\"caption\":\"Holzfit Kn\u00e4bel\"},\"image\":{\"@id\":\"https:\\\/\\\/holzfit.com\\\/#\\\/schema\\\/logo\\\/image\\\/\"},\"sameAs\":[\"https:\\\/\\\/www.facebook.com\\\/Holzfit\"]}]}<\/script>\n<!-- \/ Yoast SEO plugin. -->","yoast_head_json":{"title":"Impressum - Holzfit Kn\u00e4bel","robots":{"index":"index","follow":"follow","max-snippet":"max-snippet:-1","max-image-preview":"max-image-preview:large","max-video-preview":"max-video-preview:-1"},"canonical":"https:\/\/holzfit.com\/index.php\/impressum\/","og_locale":"de_DE","og_type":"article","og_title":"Impressum - Holzfit Kn\u00e4bel","og_description":"\u201cf.i.t.\u201dPatrick Kn\u00e4belGr\u00fcngartenstrasse 377836 Rheinm\u00fcnsterTel: 07227\/991333Fax: 07227\/991334info@holzfit.com Inhaber : Patrick Kn\u00e4belZust\u00e4ndige Aufsichtsbeh\u00f6rde : Gewerbeamt Rheinm\u00fcnsterUmsatzsteuer ID gem. \u00a727a Umsatzsteuergesetz : DE 36160-38008 Inhaltlich Verantwortlich gem. \u00a710 Absatz 3 MDSTV :Andreas VogelIm Unterfeld 677836 Rheinm\u00fcnster Greffern","og_url":"https:\/\/holzfit.com\/index.php\/impressum\/","og_site_name":"Holzfit Kn\u00e4bel","article_publisher":"https:\/\/www.facebook.com\/Holzfit","article_modified_time":"2024-02-20T12:59:10+00:00","twitter_card":"summary_large_image","twitter_misc":{"Gesch\u00e4tzte Lesezeit":"1\u00a0Minute"},"schema":{"@context":"https:\/\/schema.org","@graph":[{"@type":"WebPage","@id":"https:\/\/holzfit.com\/index.php\/impressum\/","url":"https:\/\/holzfit.com\/index.php\/impressum\/","name":"Impressum - Holzfit Kn\u00e4bel","isPartOf":{"@id":"https:\/\/holzfit.com\/#website"},"datePublished":"2015-11-26T23:02:43+00:00","dateModified":"2024-02-20T12:59:10+00:00","breadcrumb":{"@id":"https:\/\/holzfit.com\/index.php\/impressum\/#breadcrumb"},"inLanguage":"de","potentialAction":[{"@type":"ReadAction","target":["https:\/\/holzfit.com\/index.php\/impressum\/"]}]},{"@type":"BreadcrumbList","@id":"https:\/\/holzfit.com\/index.php\/impressum\/#breadcrumb","itemListElement":[{"@type":"ListItem","position":1,"name":"Startseite","item":"https:\/\/holzfit.com\/"},{"@type":"ListItem","position":2,"name":"Impressum"}]},{"@type":"WebSite","@id":"https:\/\/holzfit.com\/#website","url":"https:\/\/holzfit.com\/","name":"Holzfit Kn\u00e4bel","description":"f\u00fcr sch\u00f6nes, gesundes &amp; sicheres Wohnen","publisher":{"@id":"https:\/\/holzfit.com\/#organization"},"potentialAction":[{"@type":"SearchAction","target":{"@type":"EntryPoint","urlTemplate":"https:\/\/holzfit.com\/?s={search_term_string}"},"query-input":{"@type":"PropertyValueSpecification","valueRequired":true,"valueName":"search_term_string"}}],"inLanguage":"de"},{"@type":"Organization","@id":"https:\/\/holzfit.com\/#organization","name":"Holzfit Kn\u00e4bel","url":"https:\/\/holzfit.com\/","logo":{"@type":"ImageObject","inLanguage":"de","@id":"https:\/\/holzfit.com\/#\/schema\/logo\/image\/","url":"http:\/\/holzfit.com\/wp-content\/uploads\/2015\/11\/logo_knaebel_1000x222_rund.jpg","contentUrl":"http:\/\/holzfit.com\/wp-content\/uploads\/2015\/11\/logo_knaebel_1000x222_rund.jpg","width":1000,"height":222,"caption":"Holzfit Kn\u00e4bel"},"image":{"@id":"https:\/\/holzfit.com\/#\/schema\/logo\/image\/"},"sameAs":["https:\/\/www.facebook.com\/Holzfit"]}]}},"_links":{"self":[{"href":"https:\/\/holzfit.com\/index.php\/wp-json\/wp\/v2\/pages\/42","targetHints":{"allow":["GET"]}}],"collection":[{"href":"https:\/\/holzfit.com\/index.php\/wp-json\/wp\/v2\/pages"}],"about":[{"href":"https:\/\/holzfit.com\/index.php\/wp-json\/wp\/v2\/types\/page"}],"author":[{"embeddable":true,"href":"https:\/\/holzfit.com\/index.php\/wp-json\/wp\/v2\/users\/1"}],"replies":[{"embeddable":true,"href":"https:\/\/holzfit.com\/index.php\/wp-json\/wp\/v2\/comments?post=42"}],"version-history":[{"count":8,"href":"https:\/\/holzfit.com\/index.php\/wp-json\/wp\/v2\/pages\/42\/revisions"}],"predecessor-version":[{"id":412,"href":"https:\/\/holzfit.com\/index.php\/wp-json\/wp\/v2\/pages\/42\/revisions\/412"}],"wp:attachment":[{"href":"https:\/\/holzfit.com\/index.php\/wp-json\/wp\/v2\/media?parent=42"}],"curies":[{"name":"wp","href":"https:\/\/api.w.org\/{rel}","templated":true}]}}